{"id":110,"date":"2022-11-10T09:52:43","date_gmt":"2022-11-10T09:52:43","guid":{"rendered":"https:\/\/mada.glogow.pl\/?page_id=110"},"modified":"2022-11-20T15:19:04","modified_gmt":"2022-11-20T15:19:04","slug":"110-2","status":"publish","type":"page","link":"https:\/\/mada.glogow.pl\/?page_id=110","title":{"rendered":"KONTAKT"},"content":{"rendered":"<p style=\"text-align: center;\"><iframe loading=\"lazy\" style=\"border: 0;\" src=\"https:\/\/www.google.com\/maps\/embed?pb=!1m14!1m12!1m3!1d681.5750169927546!2d16.084056567031972!3d51.66095196303726!2m3!1f0!2f0!3f0!3m2!1i1024!2i768!4f13.1!5e1!3m2!1spl!2spl!4v1668073910937!5m2!1spl!2spl\" width=\"550\" height=\"400\" allowfullscreen=\"allowfullscreen\"><span data-mce-type=\"bookmark\" style=\"display: inline-block; width: 0px; overflow: hidden; line-height: 0;\" class=\"mce_SELRES_start\">\ufeff<\/span><span data-mce-type=\"bookmark\" style=\"display: inline-block; width: 0px; overflow: hidden; line-height: 0;\" class=\"mce_SELRES_start\">\ufeff<\/span><\/iframe><\/p>\n<p style=\"text-align: center;\"><em>Przybli\u017c map\u0119 (k\u00f3\u0142ko z Ctrl) aby zobaczy\u0107 po\u0142o\u017cenie biura lub naci\u015bnij (+) na mapie.<\/em><\/p>\n<p>Adres do korespondencji:<\/p>\n<p style=\"text-align: center;\">Centrum Edukacji i Doradztwa MADA<br \/>\nul. Obro\u0144c\u00f3w Pokoju 10, 67-200 G\u0142og\u00f3w<\/p>\n<p style=\"text-align: center;\">Telefon: 789 405 010<\/p>\n<p style=\"text-align: center;\">telefon i fax: 76 833 53 66<\/p>\n<p style=\"text-align: center;\">ceidmada@onet.eu<\/p>\n<p>Znajdziesz nas r\u00f3wnie\u017c:<\/p>\n<p style=\"text-align: center;\">CEiD &#8222;MADA&#8221; ul. Spichrzowa 5, 67-200 G\u0142og\u00f3w<br \/>\ntel.\/fax 76\/835-25-86<br \/>\ne-mail: ceidmada2@onet.eu<\/p>\n<p style=\"text-align: center;\">CEiD &#8222;MADA1&#8221; ul. 1-Maja 24, 67-200 G\u0142og\u00f3w<br \/>\ntel.\/fax 76\/834-20-59<\/p>\n<p><em><strong>Mo\u017cesz wys\u0142a\u0107 zapytanie za pomoc\u0105 tego formularza:<\/strong><\/em><\/p>\n<div role=\"form\" class=\"wpcf7\" id=\"wpcf7-f242-o1\" lang=\"pl-PL\" dir=\"ltr\">\n<div class=\"screen-reader-response\"><p role=\"status\" aria-live=\"polite\" aria-atomic=\"true\"><\/p> <ul><\/ul><\/div>\n<form action=\"\/index.php?rest_route=%2Fwp%2Fv2%2Fpages%2F110#wpcf7-f242-o1\" method=\"post\" class=\"wpcf7-form init\" novalidate=\"novalidate\" data-status=\"init\">\n<div style=\"display: none;\">\n<input type=\"hidden\" name=\"_wpcf7\" value=\"242\" \/>\n<input type=\"hidden\" name=\"_wpcf7_version\" value=\"5.6.4\" \/>\n<input type=\"hidden\" name=\"_wpcf7_locale\" value=\"pl_PL\" \/>\n<input type=\"hidden\" name=\"_wpcf7_unit_tag\" value=\"wpcf7-f242-o1\" \/>\n<input type=\"hidden\" name=\"_wpcf7_container_post\" value=\"0\" \/>\n<input type=\"hidden\" name=\"_wpcf7_posted_data_hash\" value=\"\" \/>\n<\/div>\n<p><label> Twoje imi\u0119 i nazwisko<br \/>\n    <span class=\"wpcf7-form-control-wrap\" data-name=\"your-name\"><input type=\"text\" name=\"your-name\" value=\"\" size=\"40\" class=\"wpcf7-form-control wpcf7-text wpcf7-validates-as-required\" aria-required=\"true\" aria-invalid=\"false\" \/><\/span> <\/label><\/p>\n<p><label> Tw\u00f3j adres e-mail<br \/>\n    <span class=\"wpcf7-form-control-wrap\" data-name=\"your-email\"><input type=\"email\" name=\"your-email\" value=\"\" size=\"40\" class=\"wpcf7-form-control wpcf7-text wpcf7-email wpcf7-validates-as-required wpcf7-validates-as-email\" aria-required=\"true\" aria-invalid=\"false\" \/><\/span> <\/label><\/p>\n<p><label> Temat<br \/>\n    <span class=\"wpcf7-form-control-wrap\" data-name=\"your-subject\"><input type=\"text\" name=\"your-subject\" value=\"\" size=\"40\" class=\"wpcf7-form-control wpcf7-text wpcf7-validates-as-required\" aria-required=\"true\" aria-invalid=\"false\" \/><\/span> <\/label><\/p>\n<p><label> Twoja wiadomo\u015bci (opcjonalne)<br \/>\n    <span class=\"wpcf7-form-control-wrap\" data-name=\"your-message\"><textarea name=\"your-message\" cols=\"40\" rows=\"10\" class=\"wpcf7-form-control wpcf7-textarea\" aria-invalid=\"false\"><\/textarea><\/span> <\/label><\/p>\n<p><input type=\"submit\" value=\"Wy\u015blij\" class=\"wpcf7-form-control has-spinner wpcf7-submit\" \/><\/p>\n<div class=\"wpcf7-response-output\" aria-hidden=\"true\"><\/div><\/form><\/div>\n","protected":false},"excerpt":{"rendered":"<p>\ufeff\ufeff Przybli\u017c map\u0119 (k\u00f3\u0142ko z Ctrl) aby zobaczy\u0107 po\u0142o\u017cenie biura lub naci\u015bnij (+) na mapie. Adres do korespondencji: Centrum Edukacji i Doradztwa MADA ul. Obro\u0144c\u00f3w Pokoju 10, 67-200 G\u0142og\u00f3w Telefon: 789 405 010 telefon i fax: 76 833 53 66 ceidmada@onet.eu Znajdziesz nas r\u00f3wnie\u017c: CEiD &#8222;MADA&#8221; ul. Spichrzowa 5, 67-200 G\u0142og\u00f3w tel.\/fax 76\/835-25-86 e-mail: ceidmada2@onet.eu [&hellip;]<\/p>\n","protected":false},"author":1,"featured_media":0,"parent":0,"menu_order":0,"comment_status":"closed","ping_status":"closed","template":"","meta":{"footnotes":""},"class_list":["post-110","page","type-page","status-publish","hentry"],"_links":{"self":[{"href":"https:\/\/mada.glogow.pl\/index.php?rest_route=\/wp\/v2\/pages\/110","targetHints":{"allow":["GET"]}}],"collection":[{"href":"https:\/\/mada.glogow.pl\/index.php?rest_route=\/wp\/v2\/pages"}],"about":[{"href":"https:\/\/mada.glogow.pl\/index.php?rest_route=\/wp\/v2\/types\/page"}],"author":[{"embeddable":true,"href":"https:\/\/mada.glogow.pl\/index.php?rest_route=\/wp\/v2\/users\/1"}],"replies":[{"embeddable":true,"href":"https:\/\/mada.glogow.pl\/index.php?rest_route=%2Fwp%2Fv2%2Fcomments&post=110"}],"version-history":[{"count":32,"href":"https:\/\/mada.glogow.pl\/index.php?rest_route=\/wp\/v2\/pages\/110\/revisions"}],"predecessor-version":[{"id":269,"href":"https:\/\/mada.glogow.pl\/index.php?rest_route=\/wp\/v2\/pages\/110\/revisions\/269"}],"wp:attachment":[{"href":"https:\/\/mada.glogow.pl\/index.php?rest_route=%2Fwp%2Fv2%2Fmedia&parent=110"}],"curies":[{"name":"wp","href":"https:\/\/api.w.org\/{rel}","templated":true}]}}