{"id":177,"date":"2022-11-16T21:56:32","date_gmt":"2022-11-16T21:56:32","guid":{"rendered":"https:\/\/mada.glogow.pl\/?page_id=177"},"modified":"2022-11-17T15:25:08","modified_gmt":"2022-11-17T15:25:08","slug":"mat-pomocnicze","status":"publish","type":"page","link":"https:\/\/mada.glogow.pl\/?page_id=177","title":{"rendered":"MAT. POMOCNICZE"},"content":{"rendered":"<p><img loading=\"lazy\" decoding=\"async\" class=\"wp-image-185 aligncenter\" style=\"box-shadow: 6px 6px 6px #666666; border: 2px solid #FFFF;\" src=\"https:\/\/mada.glogow.pl\/wp-content\/uploads\/2022\/11\/ksiega_300-300x71.jpg\" alt=\"ksi\u0105\u017cka\" width=\"596\" height=\"80\" \/><\/p>\n<div style=\"text-align: center;\"><strong>Materia\u0142y pomocnicze s\u0105 w formacie PDF i pobieraj\u0105 si\u0119 na komputer wg ustawie\u0144 przegl\u0105darki.<\/strong><\/div>\n<h4><strong>INFORMATYKA<\/strong><\/h4>\n<div>\n<ol>\n<li><a href=\"https:\/\/mada.glogow.pl\/dokumenty\/informatyk\/windows_podstawy.pdf\" download=\"windows_podstawy.pdf\" rel=\"noopener\">Podstawy Windows.<\/a><\/li>\n<li><a href=\"https:\/\/mada.glogow.pl\/dokumenty\/informatyk\/word2007_skuba.pdf\" download=\"word2007_skuba.pdf\" rel=\"noopener\">Microsoft Word 2007.<\/a><\/li>\n<li><a href=\"https:\/\/mada.glogow.pl\/dokumenty\/informatyk\/excel2007-matpomoc1.pdf\" download=\"excel2007-matpomoc1.pdf\" rel=\"noopener\">Microsoft Excel 2007 cz. I.<\/a><\/li>\n<li><a href=\"https:\/\/mada.glogow.pl\/dokumenty\/informatyk\/funkcjepodst2.pdf\" download=\"funkcjepodstaw2.pdf\" rel=\"noopener\">Microsoft Excel 2007 cz. II &#8211; funkcje podstawowe.<\/a><\/li>\n<li><a href=\"https:\/\/mada.glogow.pl\/dokumenty\/informatyk\/formatowaniekom3.pdf\" download=\"formatowaniekom3.pdf\" rel=\"noopener\">Microsoft Excel 2007 cz. III &#8211; formatowanie kom\u00f3rek i drukowanie.<\/a><\/li>\n<\/ol>\n<\/div>\n<p>&nbsp;<\/p>\n<h4><strong>OBS\u0141UGA W\u00d3ZK\u00d3W JEZDNIOWYCH PODNO\u015aNIKOWYCH<\/strong><\/h4>\n<p>&nbsp;<\/p>\n<p>&nbsp;<\/p>\n<p>&nbsp;<\/p>\n<p>&nbsp;<\/p>\n<p><img loading=\"lazy\" decoding=\"async\" class=\"wp-image-185 aligncenter\" style=\"box-shadow: 6px 6px 6px #666666; border: 2px solid #FFFF;\" src=\"https:\/\/mada.glogow.pl\/wp-content\/uploads\/2022\/11\/ksiega_300-300x71.jpg\" alt=\"ksi\u0105\u017cka\" width=\"596\" height=\"80\" \/><\/p>\n","protected":false},"excerpt":{"rendered":"<p>Materia\u0142y pomocnicze s\u0105 w formacie PDF i pobieraj\u0105 si\u0119 na komputer wg ustawie\u0144 przegl\u0105darki. INFORMATYKA Podstawy Windows. Microsoft Word 2007. Microsoft Excel 2007 cz. I. Microsoft Excel 2007 cz. II &#8211; funkcje podstawowe. Microsoft Excel 2007 cz. III &#8211; formatowanie kom\u00f3rek i drukowanie. &nbsp; OBS\u0141UGA W\u00d3ZK\u00d3W JEZDNIOWYCH PODNO\u015aNIKOWYCH &nbsp; &nbsp; &nbsp; &nbsp;<\/p>\n","protected":false},"author":1,"featured_media":0,"parent":0,"menu_order":0,"comment_status":"closed","ping_status":"closed","template":"","meta":{"footnotes":""},"class_list":["post-177","page","type-page","status-publish","hentry"],"_links":{"self":[{"href":"https:\/\/mada.glogow.pl\/index.php?rest_route=\/wp\/v2\/pages\/177","targetHints":{"allow":["GET"]}}],"collection":[{"href":"https:\/\/mada.glogow.pl\/index.php?rest_route=\/wp\/v2\/pages"}],"about":[{"href":"https:\/\/mada.glogow.pl\/index.php?rest_route=\/wp\/v2\/types\/page"}],"author":[{"embeddable":true,"href":"https:\/\/mada.glogow.pl\/index.php?rest_route=\/wp\/v2\/users\/1"}],"replies":[{"embeddable":true,"href":"https:\/\/mada.glogow.pl\/index.php?rest_route=%2Fwp%2Fv2%2Fcomments&post=177"}],"version-history":[{"count":23,"href":"https:\/\/mada.glogow.pl\/index.php?rest_route=\/wp\/v2\/pages\/177\/revisions"}],"predecessor-version":[{"id":207,"href":"https:\/\/mada.glogow.pl\/index.php?rest_route=\/wp\/v2\/pages\/177\/revisions\/207"}],"wp:attachment":[{"href":"https:\/\/mada.glogow.pl\/index.php?rest_route=%2Fwp%2Fv2%2Fmedia&parent=177"}],"curies":[{"name":"wp","href":"https:\/\/api.w.org\/{rel}","templated":true}]}}