{"id":41,"date":"2022-11-09T18:35:50","date_gmt":"2022-11-09T18:35:50","guid":{"rendered":"https:\/\/mada.glogow.pl\/?page_id=41"},"modified":"2023-04-28T07:17:19","modified_gmt":"2023-04-28T07:17:19","slug":"o-nas","status":"publish","type":"page","link":"https:\/\/mada.glogow.pl\/?page_id=41","title":{"rendered":"O NAS"},"content":{"rendered":"<div style=\"color: #333333; text-align: justify; text-indent: 10px; line-hight: 1.5;\"><img loading=\"lazy\" decoding=\"async\" class=\"alignnone size-medium wp-image-65\" style=\"float: left; margin: 20px; box-shadow: 10px 10px 6px #aaaaaa;\" src=\"https:\/\/mada.glogow.pl\/wp-content\/uploads\/2022\/11\/wejscie_400-221x300.jpg\" alt=\"\" width=\"221\" height=\"300\" srcset=\"https:\/\/mada.glogow.pl\/wp-content\/uploads\/2022\/11\/wejscie_400-221x300.jpg 221w, https:\/\/mada.glogow.pl\/wp-content\/uploads\/2022\/11\/wejscie_400.jpg 294w\" sizes=\"auto, (max-width: 221px) 100vw, 221px\" \/><\/div>\n<div><\/div>\n<div><\/div>\n<div style=\"color: #333333; text-align: justify; text-indent: 10px; line-hight: 1.5;\"><strong>Centrum Edukacji i Doradztwa MADA<\/strong>\u00a0powsta\u0142o w 1991 roku (w\u00f3wczas firma funkcjonowa\u0142a pod nazw\u0105 O\u015brodek Szkolenia Kursowego \u201eMADA\u201d). Od samego pocz\u0105tku istnienia, nasza plac\u00f3wka zajmuje si\u0119 doskonaleniem zawodowym i permanentnym kszta\u0142ceniem m\u0142odzie\u017cy i os\u00f3b doros\u0142ych. Od tego czasu systematycznie zwi\u0119ksza sw\u00f3j potencja\u0142.<\/div>\n<div style=\"color: #333333; text-align: justify; text-indent: 10px; line-hight: 1.5;\">\u00a0 \u00a0 \u00a0 Jeste\u015bmy plac\u00f3wk\u0105 niepubliczn\u0105, nad kt\u00f3r\u0105 nadz\u00f3r merytoryczny sprawuje Kuratorium O\u015bwiaty we Wroc\u0142awiu. <strong>Prowadzimy kursy doskonal\u0105ce we wszystkich zawodach w porozumieniu z plac\u00f3wkami edukacyjnymi oraz zak\u0142adami pracy.<\/strong><\/div>\n<div style=\"color: #333333; text-align: justify; text-indent: 10px; line-hight: 1.5;\">\u00a0 \u00a0 \u00a0 Nasza reputacja i marka to warto\u015b\u0107, na kt\u00f3r\u0105 sk\u0142ada si\u0119 zaufanie i satysfakcja Klient\u00f3w oraz efektywna praca wykwalifikowanych instruktor\u00f3w, trener\u00f3w i wyk\u0142adowc\u00f3w z wy\u017cszym wykszta\u0142ceniem i do\u015bwiadczeniem pedagogicznym, kt\u00f3rzy trafnie i starannie przygotowuj\u0105 programy nauczania. Powy\u017csze sprawia, \u017ce przekazywana wiedza w szybki i przyjemny spos\u00f3b przyswajana jest przez naszych Kursant\u00f3w.<\/div>\n<div style=\"color: #333333; text-align: justify; text-indent: 10px; line-hight: 1.5;\">\u00a0 \u00a0 \u00a0 Siedziba Centrum znajduje si\u0119 w G\u0142ogowie. Dzia\u0142alno\u015b\u0107 prowadzona jest w trzech biurach znajduj\u0105cych si\u0119 na terenie miasta, w kt\u00f3rych prowadzone s\u0105 \u00a0zapisy i szkolenia.\u00a0 Sale wyk\u0142adowe s\u0105 zaopatrzone w sprz\u0119t audiowizualny i odpowiednio dobrane materia\u0142y dydaktyczne (ksi\u0105\u017cki, zeszyty, testy, plansze). Szkolenia i kursy obejmuj\u0105 wyk\u0142ady teoretyczne i praktyczne z wykorzystaniem materia\u0142\u00f3w dydaktycznych oraz sprz\u0119tu potrzebnego do zdobycia okre\u015blonych kwalifikacji.<\/div>\n<div style=\"color: #333333; text-align: justify; text-indent: 10px; line-hight: 1.5;\">\u00a0 \u00a0    Przewidujemy mo\u017cliwo\u015b\u0107 przeprowadzenia kurs\u00f3w i szkole\u0144 w zak\u0142adach pracy zlecaj\u0105cych nam kursy lub w innych lokalizacjach wskazanych przez naszych Klient\u00f3w. Wsp\u00f3\u0142pracujemy z wieloma firmami w G\u0142ogowie i okolicy, jak r\u00f3wnie\u017c na terenie Dolnego \u015al\u0105ska i ca\u0142ego kraju.<\/div>\n<div style=\"color: #333333; text-align: justify; text-indent: 10px; line-hight: 1.5;\">\u00a0 \u00a0 \u00a0 Jeste\u015bmy przekonani, \u017ce nasze do\u015bwiadczenie na rynku szkoleniowym oraz wypracowana przez lata pozycja w pe\u0142ni profesjonalnego przedsi\u0119biorstwa proponuj\u0105cego swoim Klientom r\u00f3\u017cnorodne formy kszta\u0142cenia i szkolenia, pozwol\u0105 Pa\u0144stwu zdoby\u0107 wymagane kwalifikacje.<\/div>\n<div style=\"color: #333333; text-align: justify; text-indent: 10px; line-hight: 1.5;\">\u00a0 \u00a0 Mamy nadziej\u0119, \u017ce r\u00f3wnie\u017c Pa\u0144stwo, po zapoznaniu si\u0119 z bogat\u0105 ofert\u0105 naszej firmy, poszerz\u0105 grono Klient\u00f3w Centrum Edukacji i Doradztwa MADA.<\/div>\n","protected":false},"excerpt":{"rendered":"<p>Centrum Edukacji i Doradztwa MADA\u00a0powsta\u0142o w 1991 roku (w\u00f3wczas firma funkcjonowa\u0142a pod nazw\u0105 O\u015brodek Szkolenia Kursowego \u201eMADA\u201d). Od samego pocz\u0105tku istnienia, nasza plac\u00f3wka zajmuje si\u0119 doskonaleniem zawodowym i permanentnym kszta\u0142ceniem m\u0142odzie\u017cy i os\u00f3b doros\u0142ych. Od tego czasu systematycznie zwi\u0119ksza sw\u00f3j potencja\u0142. \u00a0 \u00a0 \u00a0 Jeste\u015bmy plac\u00f3wk\u0105 niepubliczn\u0105, nad kt\u00f3r\u0105 nadz\u00f3r merytoryczny sprawuje Kuratorium O\u015bwiaty we [&hellip;]<\/p>\n","protected":false},"author":1,"featured_media":0,"parent":0,"menu_order":0,"comment_status":"closed","ping_status":"closed","template":"","meta":{"footnotes":""},"class_list":["post-41","page","type-page","status-publish","hentry"],"_links":{"self":[{"href":"https:\/\/mada.glogow.pl\/index.php?rest_route=\/wp\/v2\/pages\/41","targetHints":{"allow":["GET"]}}],"collection":[{"href":"https:\/\/mada.glogow.pl\/index.php?rest_route=\/wp\/v2\/pages"}],"about":[{"href":"https:\/\/mada.glogow.pl\/index.php?rest_route=\/wp\/v2\/types\/page"}],"author":[{"embeddable":true,"href":"https:\/\/mada.glogow.pl\/index.php?rest_route=\/wp\/v2\/users\/1"}],"replies":[{"embeddable":true,"href":"https:\/\/mada.glogow.pl\/index.php?rest_route=%2Fwp%2Fv2%2Fcomments&post=41"}],"version-history":[{"count":35,"href":"https:\/\/mada.glogow.pl\/index.php?rest_route=\/wp\/v2\/pages\/41\/revisions"}],"predecessor-version":[{"id":491,"href":"https:\/\/mada.glogow.pl\/index.php?rest_route=\/wp\/v2\/pages\/41\/revisions\/491"}],"wp:attachment":[{"href":"https:\/\/mada.glogow.pl\/index.php?rest_route=%2Fwp%2Fv2%2Fmedia&parent=41"}],"curies":[{"name":"wp","href":"https:\/\/api.w.org\/{rel}","templated":true}]}}