{"id":726,"date":"2024-05-31T12:26:18","date_gmt":"2024-05-31T12:26:18","guid":{"rendered":"https:\/\/mada.glogow.pl\/?page_id=726"},"modified":"2024-06-10T13:08:49","modified_gmt":"2024-06-10T13:08:49","slug":"szkolenia-antymobbingowe-2","status":"publish","type":"page","link":"https:\/\/mada.glogow.pl\/?page_id=726","title":{"rendered":"Szkolenia antymobbingowe"},"content":{"rendered":"<div style=\"text-align: justify; text-indent: 10px; color: #444444;\">\n<h3><strong>Przeciwdzia\u0142anie mobbingowi w miejscu pracy i budowanie pozytywnych relacji mi\u0119dzyludzkich<\/strong><\/h3>\n<ul>\n<p>Celem szkolenia jest przedstawienie uczestnikom komplementarnej wiedzy oraz praktycznych metod i narz\u0119dzi skutecznego i etycznego komunikowania si\u0119, rozpoznawania pierwszych symptom\u00f3w mobbingu, jak te\u017c instrument\u00f3w dzia\u0142a\u0144 w takich sytuacjach, zagadnie\u0144 z obszaru dyskryminacji.<\/p>\n<div style=\"text-align: justify; text-indent: 10px; color: #444444;\">\n<h3><strong>Ponadto mamy mo\u017cliwo\u015b\u0107 zorganizowania i przeprowadzenia szkole\u0144 antymobbingowych w zakresie:<\/strong><\/h3>\n<ul>\n\u2022\tSzkolenie z zakresu zarz\u0105dzania konfliktami w organizacji &#8211; jako forma profilaktyki antymobbingowej &#8211; szkolenie przygotowuje uczestnik\u00f3w do rozpoznawania charakteru konfliktu i w\u0142a\u015bciwego jego rozwi\u0105zania, tak aby nie nast\u0105pi\u0142a transformacja tzw. zwyk\u0142ego konfliktu w patologie relacji mi\u0119dzyludzkich czyli mobbing,<br \/>\n\u2022\tSzkolenie w zakresie komunikacji interpersonalnej &#8211; szkolenie to wyposa\u017ca uczestnik\u00f3w w konkretne umiej\u0119tno\u015bci w budowaniu relacji mi\u0119dzyludzkich w miejscu pracy,<br \/>\n\u2022\tKierowanie prac\u0105 tzw. ludzi trudnych w organizacji \u2013 tak aby jak najlepiej wykorzysta\u0107 ich potencja\u0142 zawodowy w kontek\u015bcie efektywno\u015bci,<br \/>\n\u2022\tZarz\u0105dzanie stresem (szkolenie),<br \/>\n\u2022\tMediacje tzw. pracownicze &#8211; jako alternatywna, polubowna forma rozwi\u0105zywania spor\u00f3w, konflikt\u00f3w,<br \/>\n\u2022\tRozwi\u0105zywanie spor\u00f3w, konflikt\u00f3w \u2013 dzia\u0142ania praktyczne,<br \/>\n\u2022\tRozwi\u0105zania antymobbingowe, us\u0142ugi w tym zakresie \u201eszyte na miar\u0119\u201d potrzeb i oczekiwa\u0144.<\/p>\n<\/div>\n","protected":false},"excerpt":{"rendered":"<p>Przeciwdzia\u0142anie mobbingowi w miejscu pracy i budowanie pozytywnych relacji mi\u0119dzyludzkich Celem szkolenia jest przedstawienie uczestnikom komplementarnej wiedzy oraz praktycznych metod i narz\u0119dzi skutecznego i etycznego komunikowania si\u0119, rozpoznawania pierwszych symptom\u00f3w mobbingu, jak te\u017c instrument\u00f3w dzia\u0142a\u0144 w takich sytuacjach, zagadnie\u0144 z obszaru dyskryminacji. Ponadto mamy mo\u017cliwo\u015b\u0107 zorganizowania i przeprowadzenia szkole\u0144 antymobbingowych w zakresie: \u2022 Szkolenie z [&hellip;]<\/p>\n","protected":false},"author":1,"featured_media":0,"parent":0,"menu_order":0,"comment_status":"closed","ping_status":"closed","template":"","meta":{"footnotes":""},"class_list":["post-726","page","type-page","status-publish","hentry"],"_links":{"self":[{"href":"https:\/\/mada.glogow.pl\/index.php?rest_route=\/wp\/v2\/pages\/726","targetHints":{"allow":["GET"]}}],"collection":[{"href":"https:\/\/mada.glogow.pl\/index.php?rest_route=\/wp\/v2\/pages"}],"about":[{"href":"https:\/\/mada.glogow.pl\/index.php?rest_route=\/wp\/v2\/types\/page"}],"author":[{"embeddable":true,"href":"https:\/\/mada.glogow.pl\/index.php?rest_route=\/wp\/v2\/users\/1"}],"replies":[{"embeddable":true,"href":"https:\/\/mada.glogow.pl\/index.php?rest_route=%2Fwp%2Fv2%2Fcomments&post=726"}],"version-history":[{"count":2,"href":"https:\/\/mada.glogow.pl\/index.php?rest_route=\/wp\/v2\/pages\/726\/revisions"}],"predecessor-version":[{"id":737,"href":"https:\/\/mada.glogow.pl\/index.php?rest_route=\/wp\/v2\/pages\/726\/revisions\/737"}],"wp:attachment":[{"href":"https:\/\/mada.glogow.pl\/index.php?rest_route=%2Fwp%2Fv2%2Fmedia&parent=726"}],"curies":[{"name":"wp","href":"https:\/\/api.w.org\/{rel}","templated":true}]}}